{"id":3141,"date":"2022-06-02T13:09:34","date_gmt":"2022-06-02T11:09:34","guid":{"rendered":"http:\/\/pracabezdoswiadczenia.pl\/?page_id=3141"},"modified":"2022-06-29T15:41:05","modified_gmt":"2022-06-29T13:41:05","slug":"schulungen","status":"publish","type":"page","link":"https:\/\/qsense.pl\/de\/schulungen\/","title":{"rendered":"Schulungen"},"content":{"rendered":"\n<div class=\"wp-block-stackable-columns alignfull stk-block-columns stk-block stk-3962090\" data-block-id=\"3962090\"><style>.stk-3962090{margin-bottom:0px !important}<\/style><div class=\"stk-row stk-inner-blocks stk-block-content stk-content-align stk-3962090-column alignfull\">\n<div class=\"wp-block-stackable-column stk-block-column stk-column stk-block stk-a2663c0 stk-block-background\" data-block-id=\"a2663c0\"><style>.stk-a2663c0{background-color:#a0d5e4 !important}.stk-a2663c0:before{background-color:#a0d5e4 !important}.stk-a2663c0{min-height:330px !important}.stk-a2663c0 .stk-block-column__content{padding-top:60px !important;padding-right:60px !important;padding-bottom:60px !important;padding-left:60px !important}@media screen and (max-width:767px){.stk-a2663c0 .stk-block-column__content{display:flex !important}}@media screen and (max-width:767px){.stk-a2663c0 .stk-block-column__content{align-items:flex-end !important}}<\/style><div class=\"stk-column-wrapper stk-block-column__content stk-container stk-a2663c0-container stk--no-background stk--no-padding\"><div class=\"stk-block-content stk-inner-blocks\">\n<div class=\"wp-block-stackable-heading stk-block-heading stk-block stk-0fb93c5\" id=\"soft-skills-schulungen\" data-block-id=\"0fb93c5\"><style>.stk-0fb93c5{margin-bottom:35px !important}@media screen and (max-width:767px){.stk-0fb93c5{padding-right:0px !important;padding-left:0px !important}}.stk-0fb93c5 .stk-block-heading__text{font-size:70px !important;color:#303133 !important;line-height:80px !important;font-weight:700 !important;font-family:\"Roboto\",Sans-serif !important;letter-spacing:0px !important}@media screen and (max-width:1023px){.stk-0fb93c5 .stk-block-heading__text{font-size:50px !important}}@media screen and (max-width:767px){.stk-0fb93c5 .stk-block-heading__text{font-size:30px !important;line-height:1.5em !important}}<\/style><h2 class=\"stk-block-heading__text has-text-color has-text-align-center has-text-align-center-mobile\">Soft Skills Schulungen<\/h2><\/div>\n\n\n\n<div class=\"wp-block-stackable-text stk-block-text stk-block stk-3522346\" data-block-id=\"3522346\"><style>.stk-3522346{margin-bottom:35px !important}@media screen and (max-width:767px){.stk-3522346{margin-right:0px !important;margin-bottom:50px !important;margin-left:0px !important}}.stk-3522346 .stk-block-text__text{font-size:20px !important;color:#303133 !important;line-height:28px !important;font-weight:400 !important;font-family:\"Roboto\",Sans-serif !important}@media screen and (max-width:1023px){.stk-3522346 .stk-block-text__text{font-size:20px !important}}<\/style><p class=\"stk-block-text__text has-text-color has-text-align-center has-text-align-center-mobile\">Schulungen f\u00fcr Teamleiter, <br>Experten und Koordinatoren<\/p><\/div>\n\n\n\n<div class=\"wp-block-stackable-button-group stk-block-button-group stk-block stk-429c829\" data-block-id=\"429c829\"><style>.stk-429c829{margin-bottom:150px !important}<\/style><div class=\"stk-row stk-inner-blocks has-text-align-center has-text-align-center-mobile stk-block-content stk-button-group\">\n<div class=\"wp-block-stackable-button stk-block-button has-text-align-center is-style-ghost stk-block stk-29623d7\" data-block-id=\"29623d7\"><style>.stk-29623d7 .stk-button{padding-top:11px !important;padding-right:35px !important;padding-bottom:11px !important;padding-left:35px !important;background:transparent !important}.stk-29623d7 .stk-button:hover:after{background:transparent !important;opacity:1 !important}:where(.stk-hover-parent:hover,.stk-hover-parent.stk--is-hovered) .stk-29623d7 .stk-button:after{background:transparent !important;opacity:1 !important}.stk-29623d7 .stk-button{border-radius:0px !important}.stk-29623d7 .stk-button:before{box-shadow:none !important;border-style:solid !important;border-color:#302e2c !important}.stk-29623d7 .stk-button .stk--inner-svg svg:last-child,.stk-29623d7 .stk-button .stk--inner-svg svg:last-child :is(g,path,rect,polygon,ellipse){fill:#e4002b !important}.stk-29623d7 .stk-button__inner-text{font-size:10px !important;color:#302e2c !important;line-height:24px !important;font-weight:600 !important;font-family:\"Poppins\",Sans-serif !important;letter-spacing:1.5px !important}@media screen and (max-width:1023px){.stk-29623d7 .stk-button__inner-text{font-size:10px !important}}<\/style><a class=\"stk-link stk-button stk--hover-effect-lift\" href=\"\/de\/schulungen\/soft-skills-schulungen\/\" rel=\"noreferrer noopener\"><span class=\"has-text-color stk-button__inner-text\">SEHEN SIE UNSER ANGEBOT<\/span><\/a><\/div>\n<\/div><\/div>\n\n\n\n<div class=\"wp-block-buttons is-content-justification-center is-layout-flex wp-container-core-buttons-is-layout-16018d1d wp-block-buttons-is-layout-flex\"><\/div>\n<\/div><\/div><\/div>\n\n\n\n<div class=\"wp-block-stackable-column stk-block-column stk-column stk-block stk-b0a9764 stk-block-background\" data-block-id=\"b0a9764\"><style>.stk-b0a9764{background-color:var(--nv-secondary-accent) !important}.stk-b0a9764:before{background-color:var(--nv-secondary-accent) !important}.stk-b0a9764{min-height:330px !important}.stk-b0a9764 .stk-block-column__content{padding-top:60px !important;padding-right:60px !important;padding-bottom:60px !important;padding-left:60px !important}@media screen and (max-width:767px){.stk-b0a9764 .stk-block-column__content{display:flex !important}}@media screen and (max-width:767px){.stk-b0a9764 .stk-block-column__content{align-items:flex-end !important}}<\/style><div class=\"stk-column-wrapper stk-block-column__content stk-container stk-b0a9764-container stk--no-background stk--no-padding\"><div class=\"stk-block-content stk-inner-blocks\">\n<div class=\"wp-block-stackable-heading stk-block-heading stk-block stk-d18cf5d\" id=\"hard-skills-br-schulungen\" data-block-id=\"d18cf5d\"><style>.stk-d18cf5d{margin-bottom:35px !important}@media screen and (max-width:767px){.stk-d18cf5d{padding-right:0px !important;padding-left:0px !important}}.stk-d18cf5d .stk-block-heading__text{font-size:70px !important;color:var(u002du002dnv-site-bg) !important;line-height:80px !important;font-weight:700 !important;font-family:\"Roboto\",Sans-serif !important;letter-spacing:0px !important}@media screen and (max-width:1023px){.stk-d18cf5d .stk-block-heading__text{font-size:50px !important}}@media screen and (max-width:767px){.stk-d18cf5d .stk-block-heading__text{font-size:30px !important;line-height:1.5em !important}}<\/style><h2 class=\"stk-block-heading__text has-text-color has-nv-site-bg-color has-text-align-center has-text-align-center-mobile\">Hard Skills <br>Schulungen<\/h2><\/div>\n\n\n\n<div class=\"wp-block-stackable-text stk-block-text stk-block stk-a74a653\" data-block-id=\"a74a653\"><style>.stk-a74a653{margin-bottom:35px !important}@media screen and (max-width:767px){.stk-a74a653{margin-right:0px !important;margin-bottom:50px !important;margin-left:0px !important}}.stk-a74a653 .stk-block-text__text{font-size:20px !important;color:var(u002du002dnv-site-bg) !important;line-height:28px !important;font-weight:400 !important;font-family:\"Roboto\",Sans-serif !important}@media screen and (max-width:1023px){.stk-a74a653 .stk-block-text__text{font-size:20px !important}}<\/style><p class=\"stk-block-text__text has-text-color has-nv-site-bg-color has-text-align-center has-text-align-center-mobile\">Schulungen f\u00fcr sa obere und mittlere Management, Mitarbeiter der Qualit\u00e4tsabteilungen sowie an operative Mitarbeiter.<\/p><\/div>\n\n\n\n<div class=\"wp-block-stackable-button-group stk-block-button-group stk-block stk-490f510\" data-block-id=\"490f510\"><style>.stk-490f510{margin-bottom:150px !important}<\/style><div class=\"stk-row stk-inner-blocks has-text-align-center has-text-align-center-mobile stk-block-content stk-button-group\">\n<div class=\"wp-block-stackable-button stk-block-button has-text-align-center stk-block stk-82c2165\" data-block-id=\"82c2165\"><style>.stk-82c2165 .stk-button{padding-top:11px !important;padding-right:35px !important;padding-bottom:11px !important;padding-left:35px !important;background:var(--nv-site-bg) !important}.stk-82c2165 .stk-button{border-radius:0px !important}.stk-82c2165 .stk-button:before{box-shadow:none !important}.stk-82c2165 .stk-button .stk--inner-svg svg:last-child,.stk-82c2165 .stk-button .stk--inner-svg svg:last-child :is(g,path,rect,polygon,ellipse){fill:#e4002b !important}.stk-82c2165 .stk-button__inner-text{font-size:10px !important;color:#302e2c !important;line-height:24px !important;font-weight:600 !important;font-family:\"Poppins\",Sans-serif !important;letter-spacing:1.5px !important}@media screen and (max-width:1023px){.stk-82c2165 .stk-button__inner-text{font-size:10px !important}}<\/style><a class=\"stk-link stk-button stk--hover-effect-lift\" href=\"\/de\/schulungen\/hard-skills-schulungen\/\" rel=\"noreferrer noopener\"><span class=\"has-text-color stk-button__inner-text\">SEHEN SIE UNSER ANGEBOT<\/span><\/a><\/div>\n<\/div><\/div>\n\n\n\n<div class=\"wp-block-buttons is-content-justification-center is-layout-flex wp-container-core-buttons-is-layout-16018d1d wp-block-buttons-is-layout-flex\"><\/div>\n<\/div><\/div><\/div>\n<\/div><\/div>\n","protected":false},"excerpt":{"rendered":"<p>Soft Skills Schulungen Schulungen f\u00fcr Teamleiter, Experten und Koordinatoren SEHEN SIE UNSER ANGEBOT Hard Skills Schulungen Schulungen f\u00fcr sa obere und mittlere Management, Mitarbeiter der Qualit\u00e4tsabteilungen sowie an operative Mitarbeiter. SEHEN SIE UNSER ANGEBOT<\/p>\n","protected":false},"author":5,"featured_media":0,"parent":0,"menu_order":0,"comment_status":"closed","ping_status":"closed","template":"page-templates\/template-pagebuilder-full-width.php","meta":{"neve_meta_sidebar":"full-width","neve_meta_container":"","neve_meta_enable_content_width":"on","neve_meta_content_width":100,"neve_meta_title_alignment":"","neve_meta_author_avatar":"","neve_post_elements_order":"","neve_meta_disable_header":"","neve_meta_disable_footer":"","neve_meta_disable_title":"","neve_meta_reading_time":"","_themeisle_gutenberg_block_has_review":false,"footnotes":""},"class_list":["post-3141","page","type-page","status-publish","hentry"],"yoast_head":"<!-- This site is optimized with the Yoast SEO plugin v26.5 - https:\/\/yoast.com\/wordpress\/plugins\/seo\/ -->\n<title>Schulungen | QSense<\/title>\n<meta name=\"robots\" content=\"index, follow, max-snippet:-1, max-image-preview:large, max-video-preview:-1\" \/>\n<link rel=\"canonical\" href=\"https:\/\/qsense.pl\/de\/schulungen\/\" \/>\n<meta property=\"og:locale\" content=\"de_DE\" \/>\n<meta property=\"og:type\" content=\"article\" \/>\n<meta property=\"og:title\" content=\"-1381\" \/>\n<meta property=\"og:description\" content=\"90\" \/>\n<meta property=\"og:url\" content=\"https:\/\/qsense.pl\/de\/schulungen\/\" \/>\n<meta property=\"og:site_name\" content=\"QSense | Kontrola jako\u015bci, wsparcie produkcji oraz logistyki\" \/>\n<meta property=\"article:modified_time\" content=\"2022-06-29T13:41:05+00:00\" \/>\n<meta property=\"og:image\" content=\"https:\/\/qsense.pl\/wp-content\/uploads\/2023\/04\/Projekt-bez-tytulu-10.jpg\" \/>\n\t<meta property=\"og:image:width\" content=\"1000\" \/>\n\t<meta property=\"og:image:height\" content=\"700\" \/>\n\t<meta property=\"og:image:type\" content=\"image\/jpeg\" \/>\n<meta name=\"twitter:card\" content=\"summary_large_image\" \/>\n<meta name=\"twitter:label1\" content=\"Gesch\u00e4tzte Lesezeit\" \/>\n\t<meta name=\"twitter:data1\" content=\"2\u00a0Minuten\" \/>\n<script type=\"application\/ld+json\" class=\"yoast-schema-graph\">{\"@context\":\"https:\/\/schema.org\",\"@graph\":[{\"@type\":\"WebPage\",\"@id\":\"https:\/\/qsense.pl\/de\/schulungen\/\",\"url\":\"https:\/\/qsense.pl\/de\/schulungen\/\",\"name\":\"Schulungen | QSense\",\"isPartOf\":{\"@id\":\"https:\/\/qsense.pl\/de\/#website\"},\"datePublished\":\"2022-06-02T11:09:34+00:00\",\"dateModified\":\"2022-06-29T13:41:05+00:00\",\"breadcrumb\":{\"@id\":\"https:\/\/qsense.pl\/de\/schulungen\/#breadcrumb\"},\"inLanguage\":\"de\",\"potentialAction\":[{\"@type\":\"ReadAction\",\"target\":[\"https:\/\/qsense.pl\/de\/schulungen\/\"]}]},{\"@type\":\"BreadcrumbList\",\"@id\":\"https:\/\/qsense.pl\/de\/schulungen\/#breadcrumb\",\"itemListElement\":[{\"@type\":\"ListItem\",\"position\":1,\"name\":\"Strona g\u0142\u00f3wna\",\"item\":\"https:\/\/qsense.pl\/de\/\"},{\"@type\":\"ListItem\",\"position\":2,\"name\":\"Schulungen\"}]},{\"@type\":\"WebSite\",\"@id\":\"https:\/\/qsense.pl\/de\/#website\",\"url\":\"https:\/\/qsense.pl\/de\/\",\"name\":\"QSense | Kontrola jako\u015bci, wsparcie produkcji oraz logistyki\",\"description\":\"\",\"publisher\":{\"@id\":\"https:\/\/qsense.pl\/de\/#organization\"},\"potentialAction\":[{\"@type\":\"SearchAction\",\"target\":{\"@type\":\"EntryPoint\",\"urlTemplate\":\"https:\/\/qsense.pl\/de\/?s={search_term_string}\"},\"query-input\":{\"@type\":\"PropertyValueSpecification\",\"valueRequired\":true,\"valueName\":\"search_term_string\"}}],\"inLanguage\":\"de\"},{\"@type\":\"Organization\",\"@id\":\"https:\/\/qsense.pl\/de\/#organization\",\"name\":\"QSense | Kontrola jako\u015bci, wsparcie produkcji oraz logistyki\",\"url\":\"https:\/\/qsense.pl\/de\/\",\"logo\":{\"@type\":\"ImageObject\",\"inLanguage\":\"de\",\"@id\":\"https:\/\/qsense.pl\/de\/#\/schema\/logo\/image\/\",\"url\":\"https:\/\/qsense.pl\/wp-content\/uploads\/2022\/06\/QSense-exceeds-your-needs-logo-stopka.png\",\"contentUrl\":\"https:\/\/qsense.pl\/wp-content\/uploads\/2022\/06\/QSense-exceeds-your-needs-logo-stopka.png\",\"width\":500,\"height\":180,\"caption\":\"QSense | Kontrola jako\u015bci, wsparcie produkcji oraz logistyki\"},\"image\":{\"@id\":\"https:\/\/qsense.pl\/de\/#\/schema\/logo\/image\/\"}}]}<\/script>\n<!-- \/ Yoast SEO plugin. -->","yoast_head_json":{"title":"Schulungen | QSense","robots":{"index":"index","follow":"follow","max-snippet":"max-snippet:-1","max-image-preview":"max-image-preview:large","max-video-preview":"max-video-preview:-1"},"canonical":"https:\/\/qsense.pl\/de\/schulungen\/","og_locale":"de_DE","og_type":"article","og_title":"-1381","og_description":"90","og_url":"https:\/\/qsense.pl\/de\/schulungen\/","og_site_name":"QSense | Kontrola jako\u015bci, wsparcie produkcji oraz logistyki","article_modified_time":"2022-06-29T13:41:05+00:00","og_image":[{"width":1000,"height":700,"url":"https:\/\/qsense.pl\/wp-content\/uploads\/2023\/04\/Projekt-bez-tytulu-10.jpg","type":"image\/jpeg"}],"twitter_card":"summary_large_image","twitter_misc":{"Gesch\u00e4tzte Lesezeit":"2\u00a0Minuten"},"schema":{"@context":"https:\/\/schema.org","@graph":[{"@type":"WebPage","@id":"https:\/\/qsense.pl\/de\/schulungen\/","url":"https:\/\/qsense.pl\/de\/schulungen\/","name":"Schulungen | QSense","isPartOf":{"@id":"https:\/\/qsense.pl\/de\/#website"},"datePublished":"2022-06-02T11:09:34+00:00","dateModified":"2022-06-29T13:41:05+00:00","breadcrumb":{"@id":"https:\/\/qsense.pl\/de\/schulungen\/#breadcrumb"},"inLanguage":"de","potentialAction":[{"@type":"ReadAction","target":["https:\/\/qsense.pl\/de\/schulungen\/"]}]},{"@type":"BreadcrumbList","@id":"https:\/\/qsense.pl\/de\/schulungen\/#breadcrumb","itemListElement":[{"@type":"ListItem","position":1,"name":"Strona g\u0142\u00f3wna","item":"https:\/\/qsense.pl\/de\/"},{"@type":"ListItem","position":2,"name":"Schulungen"}]},{"@type":"WebSite","@id":"https:\/\/qsense.pl\/de\/#website","url":"https:\/\/qsense.pl\/de\/","name":"QSense | Kontrola jako\u015bci, wsparcie produkcji oraz logistyki","description":"","publisher":{"@id":"https:\/\/qsense.pl\/de\/#organization"},"potentialAction":[{"@type":"SearchAction","target":{"@type":"EntryPoint","urlTemplate":"https:\/\/qsense.pl\/de\/?s={search_term_string}"},"query-input":{"@type":"PropertyValueSpecification","valueRequired":true,"valueName":"search_term_string"}}],"inLanguage":"de"},{"@type":"Organization","@id":"https:\/\/qsense.pl\/de\/#organization","name":"QSense | Kontrola jako\u015bci, wsparcie produkcji oraz logistyki","url":"https:\/\/qsense.pl\/de\/","logo":{"@type":"ImageObject","inLanguage":"de","@id":"https:\/\/qsense.pl\/de\/#\/schema\/logo\/image\/","url":"https:\/\/qsense.pl\/wp-content\/uploads\/2022\/06\/QSense-exceeds-your-needs-logo-stopka.png","contentUrl":"https:\/\/qsense.pl\/wp-content\/uploads\/2022\/06\/QSense-exceeds-your-needs-logo-stopka.png","width":500,"height":180,"caption":"QSense | Kontrola jako\u015bci, wsparcie produkcji oraz logistyki"},"image":{"@id":"https:\/\/qsense.pl\/de\/#\/schema\/logo\/image\/"}}]}},"_links":{"self":[{"href":"https:\/\/qsense.pl\/de\/wp-json\/wp\/v2\/pages\/3141","targetHints":{"allow":["GET"]}}],"collection":[{"href":"https:\/\/qsense.pl\/de\/wp-json\/wp\/v2\/pages"}],"about":[{"href":"https:\/\/qsense.pl\/de\/wp-json\/wp\/v2\/types\/page"}],"author":[{"embeddable":true,"href":"https:\/\/qsense.pl\/de\/wp-json\/wp\/v2\/users\/5"}],"replies":[{"embeddable":true,"href":"https:\/\/qsense.pl\/de\/wp-json\/wp\/v2\/comments?post=3141"}],"version-history":[{"count":16,"href":"https:\/\/qsense.pl\/de\/wp-json\/wp\/v2\/pages\/3141\/revisions"}],"predecessor-version":[{"id":4058,"href":"https:\/\/qsense.pl\/de\/wp-json\/wp\/v2\/pages\/3141\/revisions\/4058"}],"wp:attachment":[{"href":"https:\/\/qsense.pl\/de\/wp-json\/wp\/v2\/media?parent=3141"}],"curies":[{"name":"wp","href":"https:\/\/api.w.org\/{rel}","templated":true}]}}